{"id":1504,"date":"2021-08-08T17:26:44","date_gmt":"2021-08-08T17:26:44","guid":{"rendered":"http:\/\/tyosalo.fi\/?page_id=1504"},"modified":"2025-01-09T14:26:46","modified_gmt":"2025-01-09T14:26:46","slug":"miksi-kannattaa-liittya","status":"publish","type":"page","link":"https:\/\/www.tyosalo.fi\/?page_id=1504","title":{"rendered":"MIKSI KANNATTAA LIITTY\u00c4?"},"content":{"rendered":"\n<p class=\"has-large-font-size\"><strong>Miksi kannattaa liitty\u00e4 j\u00e4seneksi?<\/strong><\/p>\n\n\n\n<p class=\"has-medium-font-size\">J\u00e4senen\u00e4 voit hy\u00f6dynt\u00e4\u00e4 j\u00e4senkahvion palveluja. J\u00e4senkahvio sijaitsee Ty\u00f6salossa, osoitteessa L\u00e4nsiranta 4 A, 24100 Salo. J\u00e4senkahvio on avoinna arkisin klo 9-13. Tule Ty\u00f6saloon juomaan kuppi kahvia, lukemaan p\u00e4iv\u00e4n lehdet ja keskustelemaan p\u00e4iv\u00e4n ajankohtaisista aiheista. <\/p>\n\n\n\n<p class=\"has-medium-font-size\">Tarjoamme j\u00e4senille laajan kattauksen erilaisia koulutuksia niin et\u00e4yhteyksin kuin l\u00e4hikoulutuksina. Koulutukset k\u00e4sittelev\u00e4t muun muassa muuttuvaa ty\u00f6el\u00e4m\u00e4\u00e4, ty\u00f6llistymist\u00e4, hyvinvointia ja terveellist\u00e4 ravitsemusta. J\u00e4senill\u00e4 on mahdollisuus ilmaisiin Personal Trainer-tapaamisiin, ravintovalmennukseen sek\u00e4 treeniohjelman laatimiseen. <\/p>\n\n\n\n<p class=\"has-medium-font-size\">Lis\u00e4ksi tarjoamme j\u00e4senille maksutonta oikeudellista neuvontaa. Lakimies kertoo, onko asiassa tarpeen hakea oikeudellista asiantuntija-apua ja mist\u00e4 apua saa. Lakineuvonnassa ei laadita asiakirjoja tai hoideta muita toimeksiantoja. J\u00e4senten lakineuvonnasta vastaa <a href=\"http:\/\/www.jafo.fi\" data-type=\"URL\" data-id=\"www.jafo.fi\">lakitoimisto JAFO.<\/a> J\u00e4senist\u00f6n on mahdollista hy\u00f6dynt\u00e4\u00e4 lakitoimiston asiakirjapalvelua (edunvalvontavaltakirja, avioehtosopimus, testamentti) edulliseen j\u00e4senhintaan. <\/p>\n\n\n\n<p class=\"has-large-font-size\"><strong>J\u00e4senyys<\/strong><\/p>\n\n\n\n<p class=\"has-medium-font-size\">J\u00e4seneksi voivat liitty\u00e4 kaikki ty\u00f6tt\u00f6m\u00e4n\u00e4 olevat henkil\u00f6t. J\u00e4seneksi liittyminen tapahtuu maksamalla viiden euron j\u00e4senmaksu. J\u00e4senmaksu maksetaan kalenterivuosittain. J\u00e4senmaksun voi suorittaa Ty\u00f6salossa liittymislomakkeen t\u00e4ytt\u00e4misen yhteydess\u00e4.<\/p>\n\n\n\n<p class=\"has-large-font-size\"><strong>Kannatusj\u00e4senyys<\/strong><\/p>\n\n\n\n<p class=\"has-medium-font-size\">Kannatusj\u00e4seneksi voivat liitty\u00e4 kaikki ne yksityis- ja oikeushenkil\u00f6t, jotka haluavat tukea yhdistyksen toimintaa. <\/p>\n\n\n\n<p class=\"has-medium-font-size\"><strong>Kannatusj\u00e4senyys, yksityinen henkil\u00f6<\/strong><\/p>\n\n\n\n<p class=\"has-medium-font-size\">Viiden euron vuosittaisen j\u00e4senmaksun voi suorittaa Ty\u00f6salossa liittymislomakkeen t\u00e4ytt\u00e4misen yhteydess\u00e4. <\/p>\n\n\n\n<p class=\"has-medium-font-size\"><strong>Kannatusj\u00e4senyys, yritykset ja yhteis\u00f6t<\/strong><\/p>\n\n\n\n<p class=\"has-medium-font-size\">75 euron vuosittaisen j\u00e4senmaksun voi suorittaa Ty\u00f6salossa tai vaihtoehtoisesti tilisiirtona. <a href=\"http:\/\/tyosalo.fi\/?page_id=1571\" data-type=\"URL\" data-id=\"http:\/\/tyosalo.fi\/?page_id=1571\">Ota yhteytt\u00e4<\/a>, mik\u00e4li haluat suorittaa kannatusj\u00e4senmaksun tilisiirtona. <\/p>\n\n\n\n<p class=\"has-medium-font-size\">Salon alueen Ty\u00f6tt\u00f6m\u00e4t ry on&nbsp;<a href=\"https:\/\/tyottomat.fi\/\" target=\"_blank\" rel=\"noreferrer noopener\">Ty\u00f6tt\u00f6mien Keskusj\u00e4rjest\u00f6n<\/a>&nbsp;j\u00e4sen. Osa j\u00e4senmaksusta suoritetaan keskusj\u00e4rjest\u00f6lle valtakunnallista ty\u00f6tt\u00f6mien edunvalvontaty\u00f6t\u00e4 varten.<\/p>\n","protected":false},"excerpt":{"rendered":"<p>Miksi kannattaa liitty\u00e4 j\u00e4seneksi? J\u00e4senen\u00e4 voit hy\u00f6dynt\u00e4\u00e4 j\u00e4senkahvion palveluja. J\u00e4senkahvio sijaitsee Ty\u00f6salossa, osoitteessa L\u00e4nsiranta 4 A, 24100 Salo. J\u00e4senkahvio on avoinna arkisin klo 9-13. Tule Ty\u00f6saloon juomaan kuppi kahvia, lukemaan &#8230;<\/p>\n","protected":false},"author":1,"featured_media":0,"parent":0,"menu_order":0,"comment_status":"closed","ping_status":"closed","template":"template-fullwidth.php","meta":{"footnotes":""},"class_list":["post-1504","page","type-page","status-publish","hentry"],"_links":{"self":[{"href":"https:\/\/www.tyosalo.fi\/index.php?rest_route=\/wp\/v2\/pages\/1504","targetHints":{"allow":["GET"]}}],"collection":[{"href":"https:\/\/www.tyosalo.fi\/index.php?rest_route=\/wp\/v2\/pages"}],"about":[{"href":"https:\/\/www.tyosalo.fi\/index.php?rest_route=\/wp\/v2\/types\/page"}],"author":[{"embeddable":true,"href":"https:\/\/www.tyosalo.fi\/index.php?rest_route=\/wp\/v2\/users\/1"}],"replies":[{"embeddable":true,"href":"https:\/\/www.tyosalo.fi\/index.php?rest_route=%2Fwp%2Fv2%2Fcomments&post=1504"}],"version-history":[{"count":10,"href":"https:\/\/www.tyosalo.fi\/index.php?rest_route=\/wp\/v2\/pages\/1504\/revisions"}],"predecessor-version":[{"id":2187,"href":"https:\/\/www.tyosalo.fi\/index.php?rest_route=\/wp\/v2\/pages\/1504\/revisions\/2187"}],"wp:attachment":[{"href":"https:\/\/www.tyosalo.fi\/index.php?rest_route=%2Fwp%2Fv2%2Fmedia&parent=1504"}],"curies":[{"name":"wp","href":"https:\/\/api.w.org\/{rel}","templated":true}]}}