{"id":23,"date":"2016-02-12T08:12:49","date_gmt":"2016-02-12T08:12:49","guid":{"rendered":"http:\/\/demos.famethemes.com\/onepress\/?page_id=23"},"modified":"2023-03-02T14:22:41","modified_gmt":"2023-03-02T14:22:41","slug":"tukea-tyollistymiseen","status":"publish","type":"page","link":"https:\/\/www.tyosalo.fi\/?page_id=23","title":{"rendered":"Tukea ty\u00f6llistymiseen"},"content":{"rendered":"\n<h2 class=\"wp-block-heading\" style=\"font-size:30px\"><\/h2>\n\n\n\n<p style=\"font-size:16px\">Rekrytoija silm\u00e4ilee jokaista ansioluetteloa vain muutaman sekunnin ajan. Ty\u00f6nhakijoita on paljon, joten ty\u00f6nhaun asiakirjojen merkityst\u00e4 ei voi korostaa liikaa. Asiakirjat tulisi aina r\u00e4\u00e4t\u00e4l\u00f6id\u00e4 suhteessa haettavaan paikkaan. K\u00e4yt\u00e4nn\u00f6ss\u00e4 t\u00e4m\u00e4 tarkoittaa sit\u00e4, ettei samaa hakemuskirjett\u00e4 ja ansioluetteloa kannata l\u00e4hett\u00e4\u00e4 kaikkiin ty\u00f6paikkoihin, jos toivoo p\u00e4\u00e4sev\u00e4ns\u00e4 haastatteluun. Me Ty\u00f6salossa ohjaamme, miten t\u00e4m\u00e4 r\u00e4\u00e4t\u00e4l\u00f6inti tehd\u00e4\u00e4n ja oikoluemme ja kommentoimme jo tehtyj\u00e4 hakemuksia ennen niiden l\u00e4hett\u00e4mist\u00e4. <\/p>\n\n\n\n<p class=\"has-medium-font-size\"><strong><a href=\"http:\/\/tyosalo.fi\/?page_id=1571\" data-type=\"URL\" data-id=\"http:\/\/tyosalo.fi\/?page_id=1571\" target=\"_blank\" rel=\"noreferrer noopener\">&gt;&gt; Ota yhteytt\u00e4<\/a><\/strong><\/p>\n","protected":false},"excerpt":{"rendered":"<p>Rekrytoija silm\u00e4ilee jokaista ansioluetteloa vain muutaman sekunnin ajan. Ty\u00f6nhakijoita on paljon, joten ty\u00f6nhaun asiakirjojen merkityst\u00e4 ei voi korostaa liikaa. Asiakirjat tulisi aina r\u00e4\u00e4t\u00e4l\u00f6id\u00e4 suhteessa haettavaan paikkaan. K\u00e4yt\u00e4nn\u00f6ss\u00e4 t\u00e4m\u00e4 tarkoittaa sit\u00e4, &#8230;<\/p>\n","protected":false},"author":2,"featured_media":0,"parent":0,"menu_order":0,"comment_status":"closed","ping_status":"closed","template":"template-fullwidth.php","meta":{"footnotes":""},"class_list":["post-23","page","type-page","status-publish","hentry"],"_links":{"self":[{"href":"https:\/\/www.tyosalo.fi\/index.php?rest_route=\/wp\/v2\/pages\/23","targetHints":{"allow":["GET"]}}],"collection":[{"href":"https:\/\/www.tyosalo.fi\/index.php?rest_route=\/wp\/v2\/pages"}],"about":[{"href":"https:\/\/www.tyosalo.fi\/index.php?rest_route=\/wp\/v2\/types\/page"}],"author":[{"embeddable":true,"href":"https:\/\/www.tyosalo.fi\/index.php?rest_route=\/wp\/v2\/users\/2"}],"replies":[{"embeddable":true,"href":"https:\/\/www.tyosalo.fi\/index.php?rest_route=%2Fwp%2Fv2%2Fcomments&post=23"}],"version-history":[{"count":12,"href":"https:\/\/www.tyosalo.fi\/index.php?rest_route=\/wp\/v2\/pages\/23\/revisions"}],"predecessor-version":[{"id":2205,"href":"https:\/\/www.tyosalo.fi\/index.php?rest_route=\/wp\/v2\/pages\/23\/revisions\/2205"}],"wp:attachment":[{"href":"https:\/\/www.tyosalo.fi\/index.php?rest_route=%2Fwp%2Fv2%2Fmedia&parent=23"}],"curies":[{"name":"wp","href":"https:\/\/api.w.org\/{rel}","templated":true}]}}