{"id":24,"date":"2016-02-12T08:13:06","date_gmt":"2016-02-12T08:13:06","guid":{"rendered":"http:\/\/demos.famethemes.com\/onepress\/?page_id=24"},"modified":"2023-03-02T14:16:41","modified_gmt":"2023-03-02T14:16:41","slug":"tyosopimuksen-kommentointi","status":"publish","type":"page","link":"https:\/\/www.tyosalo.fi\/?page_id=24","title":{"rendered":"Ty\u00f6sopimuksen kommentointi"},"content":{"rendered":"\n<p class=\"has-black-color has-text-color\" style=\"font-size:30px\"><\/p>\n\n\n\n<p class=\"has-medium-font-size\">Suosittelemme, ett\u00e4 ty\u00f6sopimus tehd\u00e4\u00e4n aina kirjallisesti. T\u00e4ll\u00f6in on helpompi tarkistaa, miten ty\u00f6n tekemisen ehdoista on yhteisesti sovittu. Voit olla tarvittaessa meihin yhteydess\u00e4 ennen ty\u00f6sopimuksen allekirjoittamista. <\/p>\n\n\n\n<p class=\"has-medium-font-size\">Ty\u00f6sopimukset tarkistaa ja kommentoi ty\u00f6oikeuteen erikoistunut lakimies. <\/p>\n\n\n\n<p class=\"has-medium-font-size\"><strong>Mist\u00e4 asioista ty\u00f6sopimuksessa sovitaan<\/strong><\/p>\n\n\n\n<p style=\"font-size:16px\">Ty\u00f6sopimus voidaan tehd\u00e4 suullisesti, kirjallisesti tai s\u00e4hk\u00f6isesti. Ty\u00f6sopimus on voimassa toistaiseksi tai m\u00e4\u00e4r\u00e4ajan. Toistaiseksi voimassa oleva ty\u00f6sopimus tarkoittaa sit\u00e4, ettei ty\u00f6suhteen viimeinen p\u00e4iv\u00e4 ole ennalta tiedossa. Jos kyse on m\u00e4\u00e4r\u00e4aikaisesta ty\u00f6sopimuksesta, niin ty\u00f6suhteen aloitus- ja p\u00e4\u00e4ttymisajankohta sovitaan etuk\u00e4teen. Suosittelemme, ett\u00e4 ty\u00f6sopimus tehd\u00e4\u00e4n kirjallisena my\u00f6s lyhyiden ty\u00f6suhteiden (esim. kes\u00e4ty\u00f6 tai harjoittelujakso) osalta.<\/p>\n\n\n\n<p style=\"font-size:16px\">Ty\u00f6sopimuksessa olisi hyv\u00e4 olla ainakin seuraavat asiat:<\/p>\n\n\n\n<ol class=\"wp-block-list\">\n<li>Ty\u00f6nantajan tiedot<\/li>\n\n\n\n<li>Ty\u00f6ntekij\u00e4n tiedot<\/li>\n\n\n\n<li>Ty\u00f6nteon alkamisajankohta<\/li>\n\n\n\n<li>Koeaika<\/li>\n\n\n\n<li>Ty\u00f6ntekopaikka<\/li>\n\n\n\n<li>Ty\u00f6teht\u00e4v\u00e4t<\/li>\n\n\n\n<li>Palkka<\/li>\n\n\n\n<li>Ty\u00f6aika<\/li>\n\n\n\n<li>Vuosiloma<\/li>\n\n\n\n<li>Irtisanomisaika<\/li>\n\n\n\n<li>P\u00e4iv\u00e4ys ja allekirjoitukset<\/li>\n<\/ol>\n\n\n\n<p class=\"has-medium-font-size\">Jos olet saanut ty\u00f6sopimusluonnoksen ennalta n\u00e4ht\u00e4v\u00e4ksi, voit pyyt\u00e4\u00e4 kommentit ty\u00f6suhdelakimiehelt\u00e4. Palvelu on maksuton ja tarkoitettu yhdistyksen j\u00e4senille.<\/p>\n\n\n\n<p class=\"has-medium-font-size\"><a href=\"http:\/\/tyosalo.fi\/?page_id=1571\">Ota yhteytt\u00e4.<\/a><\/p>\n\n\n\n<p><\/p>\n","protected":false},"excerpt":{"rendered":"<p>Suosittelemme, ett\u00e4 ty\u00f6sopimus tehd\u00e4\u00e4n aina kirjallisesti. T\u00e4ll\u00f6in on helpompi tarkistaa, miten ty\u00f6n tekemisen ehdoista on yhteisesti sovittu. Voit olla tarvittaessa meihin yhteydess\u00e4 ennen ty\u00f6sopimuksen allekirjoittamista. Ty\u00f6sopimukset tarkistaa ja kommentoi ty\u00f6oikeuteen &#8230;<\/p>\n","protected":false},"author":2,"featured_media":0,"parent":0,"menu_order":0,"comment_status":"closed","ping_status":"closed","template":"template-fullwidth.php","meta":{"footnotes":""},"class_list":["post-24","page","type-page","status-publish","hentry"],"_links":{"self":[{"href":"https:\/\/www.tyosalo.fi\/index.php?rest_route=\/wp\/v2\/pages\/24","targetHints":{"allow":["GET"]}}],"collection":[{"href":"https:\/\/www.tyosalo.fi\/index.php?rest_route=\/wp\/v2\/pages"}],"about":[{"href":"https:\/\/www.tyosalo.fi\/index.php?rest_route=\/wp\/v2\/types\/page"}],"author":[{"embeddable":true,"href":"https:\/\/www.tyosalo.fi\/index.php?rest_route=\/wp\/v2\/users\/2"}],"replies":[{"embeddable":true,"href":"https:\/\/www.tyosalo.fi\/index.php?rest_route=%2Fwp%2Fv2%2Fcomments&post=24"}],"version-history":[{"count":17,"href":"https:\/\/www.tyosalo.fi\/index.php?rest_route=\/wp\/v2\/pages\/24\/revisions"}],"predecessor-version":[{"id":2203,"href":"https:\/\/www.tyosalo.fi\/index.php?rest_route=\/wp\/v2\/pages\/24\/revisions\/2203"}],"wp:attachment":[{"href":"https:\/\/www.tyosalo.fi\/index.php?rest_route=%2Fwp%2Fv2%2Fmedia&parent=24"}],"curies":[{"name":"wp","href":"https:\/\/api.w.org\/{rel}","templated":true}]}}