{"id":25,"date":"2016-02-12T19:13:22","date_gmt":"2016-02-12T19:13:22","guid":{"rendered":"http:\/\/demos.famethemes.com\/onepress\/?page_id=25"},"modified":"2024-05-17T11:05:38","modified_gmt":"2024-05-17T11:05:38","slug":"tyottomyysturva","status":"publish","type":"page","link":"https:\/\/www.tyosalo.fi\/?page_id=25","title":{"rendered":"Ty\u00f6tt\u00f6myysturva-asiat ja muu oikeudellinen neuvonta"},"content":{"rendered":"\n<h2 class=\"wp-block-heading has-black-color has-text-color\" style=\"font-size:32px\"><\/h2>\n\n\n\n<p style=\"font-size:22px\">Onko sinulla kysytt\u00e4v\u00e4\u00e4 sovitellusta p\u00e4iv\u00e4rahasta tai yritystulon vaikutuksesta ty\u00f6tt\u00f6myysetuuteen? Vai saitko kielteisen ty\u00f6voimapoliittisen lausunnon tai selvityspyynn\u00f6n? Neuvomme kaikissa ty\u00f6tt\u00f6myysturvaan liittyviss\u00e4 asioissa. <\/p>\n\n\n\n<p style=\"font-size:24px\"><a rel=\"noreferrer noopener\" href=\"http:\/\/tyosalo.fi\/?page_id=1571\" target=\"_blank\">Ota yhteytt\u00e4. <\/a><\/p>\n\n\n\n<p class=\"has-medium-font-size\"><strong>Ty\u00f6tt\u00f6m\u00e4ksi ty\u00f6nhakijaksi ilmoittautuminen<\/strong><\/p>\n\n\n\n<p style=\"font-size:16px\">Jos j\u00e4\u00e4t ty\u00f6tt\u00f6m\u00e4ksi, niin sinun pit\u00e4\u00e4 ilmoittautua ty\u00f6tt\u00f6m\u00e4ksi ty\u00f6nhakijaksi viimeist\u00e4\u00e4n ensimm\u00e4isen\u00e4 ty\u00f6tt\u00f6myysp\u00e4iv\u00e4n\u00e4. Ilmoittautuminen onnistuu helpoiten TE-palveluiden <a href=\"https:\/\/asiointi.mol.fi\/omaasiointi\/\" target=\"_blank\" rel=\"noreferrer noopener\">Oma-asioinnissa<\/a>. Ty\u00f6salosta l\u00f6yd\u00e4t asiakaskoneita ja verkkoyhteyden ty\u00f6tt\u00f6m\u00e4ksi ty\u00f6nhakijaksi ilmoittautumista varten. Ilmoittautumisen j\u00e4lkeen saat ty\u00f6voimapoliittisen lausunnon, jossa todetaan, onko sinulla oikeus ty\u00f6tt\u00f6myysturvaan eli ty\u00f6tt\u00f6myysp\u00e4iv\u00e4rahaan tai ty\u00f6markkinatukeen. Ty\u00f6tt\u00f6myysp\u00e4iv\u00e4raha tarkoittaa joko ty\u00f6tt\u00f6myyskassan maksamaa ansiop\u00e4iv\u00e4rahaa tai Kelan maksamaa perusp\u00e4iv\u00e4rahaa. Jos osallistut ty\u00f6llistymist\u00e4 edist\u00e4viin palveluihin, voidaan ty\u00f6tt\u00f6myysetuus maksaa korotettuna.<\/p>\n\n\n\n<p class=\"has-medium-font-size\"><strong>Ty\u00f6paikkojen hakeminen<\/strong><\/p>\n\n\n\n<p style=\"font-size:16px\">Ty\u00f6tt\u00f6myysetuuden saamisen edellytyksen\u00e4 on ty\u00f6paikkojen hakeminen. Haettavien ty\u00f6paikkojen m\u00e4\u00e4r\u00e4\u00e4n vaikuttavat henkil\u00f6n ty\u00f6- ja toimintakyky sek\u00e4 alueen ty\u00f6mahdollisuuksien m\u00e4\u00e4r\u00e4. Jos alueella on tarjolla t\u00f6it\u00e4 ja pystyisit ty\u00f6skentelem\u00e4\u00e4n kokoaikaisesti, niin sinun on haettava nelj\u00e4\u00e4 ty\u00f6paikkaa kuukaudessa. Ty\u00f6paikkojen hakemiseksi tulkitaan my\u00f6s ty\u00f6nhakuprofiilin julkaiseminen Ty\u00f6markkinatori- sivustolla, rekrytointimessuilla k\u00e4yt\u00e4v\u00e4t keskustelut ty\u00f6nantajien edustajien kanssa tai lis\u00e4ty\u00f6n kysyminen nykyiselt\u00e4 ty\u00f6nantajalta. Muista kuitenkin kirjata itsellesi yl\u00f6s, mink\u00e4 ty\u00f6nantajien edustajien kanssa olet keskustellut. Jos et hae ty\u00f6paikkoja sovitusti, sinulle voidaan antaa muistutus. Jos j\u00e4t\u00e4t uudestaan hakematta t\u00f6it\u00e4, sinulle voidaan m\u00e4\u00e4r\u00e4t\u00e4 lyhyt 5 tai 10 p\u00e4iv\u00e4n ajanjakso, jonka ajalta et saa ty\u00f6tt\u00f6myysetuutta. Jos t\u00e4m\u00e4n j\u00e4lkeenk\u00e4\u00e4n et hae t\u00f6it\u00e4, voit menett\u00e4\u00e4 oikeuden ty\u00f6tt\u00f6myysetuuteen toistaiseksi. <\/p>\n\n\n\n<p><\/p>\n\n\n\n<p><\/p>\n\n\n\n<p style=\"font-size:16px\"><\/p>\n","protected":false},"excerpt":{"rendered":"<p>Onko sinulla kysytt\u00e4v\u00e4\u00e4 sovitellusta p\u00e4iv\u00e4rahasta tai yritystulon vaikutuksesta ty\u00f6tt\u00f6myysetuuteen? Vai saitko kielteisen ty\u00f6voimapoliittisen lausunnon tai selvityspyynn\u00f6n? Neuvomme kaikissa ty\u00f6tt\u00f6myysturvaan liittyviss\u00e4 asioissa. Ota yhteytt\u00e4. Ty\u00f6tt\u00f6m\u00e4ksi ty\u00f6nhakijaksi ilmoittautuminen Jos j\u00e4\u00e4t ty\u00f6tt\u00f6m\u00e4ksi, niin &#8230;<\/p>\n","protected":false},"author":2,"featured_media":0,"parent":0,"menu_order":0,"comment_status":"closed","ping_status":"closed","template":"template-fullwidth.php","meta":{"footnotes":""},"class_list":["post-25","page","type-page","status-publish","hentry"],"_links":{"self":[{"href":"https:\/\/www.tyosalo.fi\/index.php?rest_route=\/wp\/v2\/pages\/25","targetHints":{"allow":["GET"]}}],"collection":[{"href":"https:\/\/www.tyosalo.fi\/index.php?rest_route=\/wp\/v2\/pages"}],"about":[{"href":"https:\/\/www.tyosalo.fi\/index.php?rest_route=\/wp\/v2\/types\/page"}],"author":[{"embeddable":true,"href":"https:\/\/www.tyosalo.fi\/index.php?rest_route=\/wp\/v2\/users\/2"}],"replies":[{"embeddable":true,"href":"https:\/\/www.tyosalo.fi\/index.php?rest_route=%2Fwp%2Fv2%2Fcomments&post=25"}],"version-history":[{"count":23,"href":"https:\/\/www.tyosalo.fi\/index.php?rest_route=\/wp\/v2\/pages\/25\/revisions"}],"predecessor-version":[{"id":2254,"href":"https:\/\/www.tyosalo.fi\/index.php?rest_route=\/wp\/v2\/pages\/25\/revisions\/2254"}],"wp:attachment":[{"href":"https:\/\/www.tyosalo.fi\/index.php?rest_route=%2Fwp%2Fv2%2Fmedia&parent=25"}],"curies":[{"name":"wp","href":"https:\/\/api.w.org\/{rel}","templated":true}]}}