{"id":26,"date":"2016-02-12T08:13:33","date_gmt":"2016-02-12T08:13:33","guid":{"rendered":"http:\/\/demos.famethemes.com\/onepress\/?page_id=26"},"modified":"2026-02-24T09:11:17","modified_gmt":"2026-02-24T09:11:17","slug":"talousneuvonta","status":"publish","type":"page","link":"https:\/\/www.tyosalo.fi\/?page_id=26","title":{"rendered":"Kuntouttava ty\u00f6toiminta"},"content":{"rendered":"\n<p class=\"has-black-color has-text-color\" style=\"font-size:30px\">Pyyd\u00e4 palveluseteli omalta ty\u00f6llistymist\u00e4 edist\u00e4vien palvelujen sosiaaliohjaajalta ja voit osallistua kuntouttavaan ty\u00f6toimintaan joko Ty\u00f6salon tai kierr\u00e4tysmyym\u00e4l\u00e4 Salon Ekocenterin palvelupisteess\u00e4. Palvelu koostuu sinulle yksil\u00f6idyst\u00e4 ty\u00f6toiminnasta, ty\u00f6el\u00e4m\u00e4ohjauksesta ja sosiaaliohjauksesta. Tarvitset sinulle my\u00f6nnetyn <a href=\"https:\/\/www.varha.fi\/fi\/tietoa-meista\/asiakkaana-hyvinvointialueella\/palveluseteli\">palvelusetelin<\/a>, jotta voit osallistua toimintaan meill\u00e4. Ota yhtett\u00e4 Varhan ty\u00f6llistymist\u00e4 edist\u00e4viin <a href=\"https:\/\/www.varha.fi\/fi\/asiointikanavat\/kuntouttavan-tyotoiminnan-neuvonta-salo\">palveluihin<\/a>, jos olet kiinnostunut kuntouttavaan ty\u00f6toimintaan p\u00e4\u00e4semisest\u00e4.<\/p>\n\n\n\n<div style=\"height:50px\" aria-hidden=\"true\" class=\"wp-block-spacer\"><\/div>\n\n\n\n<h2 class=\"wp-block-heading\">Ty\u00f6salo ja Ekocenter &#8211; yksil\u00f6llisesti yhdess\u00e4<\/h2>\n\n\n\n<p style=\"font-size:18px\">Palvelu edist\u00e4\u00e4 asiakkaan siirtymist\u00e4 kohti ty\u00f6el\u00e4m\u00e4\u00e4 tuetulla yksil\u00f6- ja ryhm\u00e4toiminnalla, joka on suunniteltu kullekin asiakkaalle yksil\u00f6llisesti. Osallisuus ja ty\u00f6- ja toimintakyky vahvistuvat ty\u00f6yhteis\u00f6n sis\u00e4ll\u00e4 ty\u00f6p\u00e4iv\u00e4n aikana sek\u00e4 erilaisten harjoitusten ja keskusteluiden kautta yhdess\u00e4 ammattilaisen kanssa. Asiakkaan kanssa harjoitellaan el\u00e4m\u00e4nhallintataitoja yksil\u00f6llisen tarpeen mukaan, ja ty\u00f6yhteis\u00f6ss\u00e4 on auktorisoitu personal trainer, joka antaa asiakkaiden tarvitsemaa ohjausta mukaan lukien yksil\u00f6llisesti r\u00e4\u00e4t\u00e4l\u00f6idyt ohjelmat lepoa, liikkumista ja ruokailua varten. Asiakkaan itseluottamusta, pystyvyytt\u00e4 ja toimijuutta edistet\u00e4\u00e4n p\u00e4ivitt\u00e4isiss\u00e4 kohtaamistilanteissa dialogisuutta korostaen ja ty\u00f6toimintateht\u00e4vien kautta. Ty\u00f6toimintateht\u00e4viss\u00e4 mahdollistetaan pienet onnistumiset, jotka osaltaan tukevat asiakkaan pystyvyytt\u00e4 ja itseluottamusta. <\/p>\n\n\n\n<p style=\"font-size:18px\">Asiakkaiden ohjauksessa perehdyt\u00e4\u00e4n kattavasti tarvittavaan digiosaamiseen esimerkiksi Ty\u00f6markkinatorin ja muiden asiointipalveluiden osalta. Asiakkaita tuetaan ty\u00f6hakemusten laatimisessa, ty\u00f6hakemusten l\u00e4hett\u00e4misess\u00e4, ty\u00f6haastatteluun valmistautumisessa ja ty\u00f6llistymisen j\u00e4lkeen tarvittaessa ty\u00f6el\u00e4m\u00e4ss\u00e4 p\u00e4rj\u00e4\u00e4misen kanssa.<\/p>\n\n\n\n<h3 class=\"wp-block-heading\"><strong>Ty\u00f6salon palvelupiste<\/strong><\/h3>\n\n\n\n<p style=\"font-size:18px\">Ty\u00f6salossa sinun on mahdollista kehitt\u00e4\u00e4 omaa osaamistasi ja voit valita itse\u00e4si kiinnostavat sis\u00e4ll\u00f6t seuraavista kokonaisuuksista: digimarkkinointi ja sis\u00e4ll\u00f6ntuotanto, hakukoneoptimointi, kampaamo-, liikunta- ja hyvinvointiala, korkeakouluopintoihin sek\u00e4 LKV-tutkintoon ja Is\u00e4nn\u00f6innin ammattitutkintoon valmistavat harjoitukset, sivutoiminen yritystoiminta, hoiva-alalle valmistavat sis\u00e4ll\u00f6t.<\/p>\n\n\n\n<h3 class=\"wp-block-heading\"><strong>Ekocenterin palvelupiste<\/strong><\/h3>\n\n\n\n<p style=\"font-size:18px\">Salon Ekocenterill\u00e4 ty\u00f6toimintateht\u00e4vin\u00e4 ovat erilaiset avustavat teht\u00e4v\u00e4t kierr\u00e4tysmyym\u00e4l\u00e4ss\u00e4: monipuoliset tavaran vastaanottoon, hinnoitteluun ja hyllytt\u00e4miseen liittyv\u00e4t teht\u00e4v\u00e4t, kassaty\u00f6skentelyn harjoittelu ohjatusti, hakukoneoptimoinnin (SEO) harjoittelu ja eri SEO-elementteihin tutustuminen ohjatusti harjoitusteht\u00e4vien kautta, avainsanalistojen luominen tori.fi- verkkokauppa-alustalle.<\/p>\n\n\n\n<h2 class=\"wp-block-heading\"><\/h2>\n\n\n\n<p style=\"font-size:18px\"><\/p>\n\n\n\n<h2 class=\"wp-block-heading has-text-align-left has-black-color has-text-color\" id=\"soita-0400-631-426laheta-sahkopostia-osoitteeseen-janet-virtanen-tyosalo-fi\" style=\"font-size:26px\"><\/h2>\n\n\n\n<p><\/p>\n\n\n\n<figure class=\"wp-block-pullquote\" style=\"font-size:20px\"><blockquote><p>Palveluseteli on vaihtoehto hyvinvointialueen itse tuottamalle tai ostamalle palvelulle. Hyvinvointialue p\u00e4\u00e4tt\u00e4\u00e4 palvelut, joissa palvelusetelit ovat k\u00e4yt\u00f6ss\u00e4 ja hyv\u00e4ksyy ne palveluntuottajat, joiden palveluita palvelusetelill\u00e4 voi ostaa.<br><br>Voit itse valita haluamasi palveluntuottajan hyv\u00e4ksyttyjen palvelusetelituottajien listalta <a href=\"http:\/\/www.parastapalvelua.fi\">Parasta palvelua<\/a> -verkkopalvelusta.&nbsp;<\/p><\/blockquote><\/figure>\n\n\n\n<h3 class=\"wp-block-heading\" id=\"oman-talouden-suunnittelu\" style=\"font-size:20px\"><\/h3>\n\n\n\n<p style=\"font-size:18px\"><\/p>\n\n\n\n<p class=\"has-black-color has-text-color\" style=\"font-size:16px\"><\/p>\n\n\n\n<div class=\"wp-block-buttons is-content-justification-center is-layout-flex wp-container-core-buttons-is-layout-16018d1d wp-block-buttons-is-layout-flex\"><\/div>\n\n\n\n<p class=\"has-small-font-size\"><\/p>\n","protected":false},"excerpt":{"rendered":"<p>Pyyd\u00e4 palveluseteli omalta ty\u00f6llistymist\u00e4 edist\u00e4vien palvelujen sosiaaliohjaajalta ja voit osallistua kuntouttavaan ty\u00f6toimintaan joko Ty\u00f6salon tai kierr\u00e4tysmyym\u00e4l\u00e4 Salon Ekocenterin palvelupisteess\u00e4. Palvelu koostuu sinulle yksil\u00f6idyst\u00e4 ty\u00f6toiminnasta, ty\u00f6el\u00e4m\u00e4ohjauksesta ja sosiaaliohjauksesta. Tarvitset sinulle my\u00f6nnetyn &#8230;<\/p>\n","protected":false},"author":2,"featured_media":0,"parent":0,"menu_order":0,"comment_status":"closed","ping_status":"closed","template":"template-fullwidth.php","meta":{"footnotes":""},"class_list":["post-26","page","type-page","status-publish","hentry"],"_links":{"self":[{"href":"https:\/\/www.tyosalo.fi\/index.php?rest_route=\/wp\/v2\/pages\/26","targetHints":{"allow":["GET"]}}],"collection":[{"href":"https:\/\/www.tyosalo.fi\/index.php?rest_route=\/wp\/v2\/pages"}],"about":[{"href":"https:\/\/www.tyosalo.fi\/index.php?rest_route=\/wp\/v2\/types\/page"}],"author":[{"embeddable":true,"href":"https:\/\/www.tyosalo.fi\/index.php?rest_route=\/wp\/v2\/users\/2"}],"replies":[{"embeddable":true,"href":"https:\/\/www.tyosalo.fi\/index.php?rest_route=%2Fwp%2Fv2%2Fcomments&post=26"}],"version-history":[{"count":85,"href":"https:\/\/www.tyosalo.fi\/index.php?rest_route=\/wp\/v2\/pages\/26\/revisions"}],"predecessor-version":[{"id":2413,"href":"https:\/\/www.tyosalo.fi\/index.php?rest_route=\/wp\/v2\/pages\/26\/revisions\/2413"}],"wp:attachment":[{"href":"https:\/\/www.tyosalo.fi\/index.php?rest_route=%2Fwp%2Fv2%2Fmedia&parent=26"}],"curies":[{"name":"wp","href":"https:\/\/api.w.org\/{rel}","templated":true}]}}